{"id":2555,"date":"2020-10-29T13:06:25","date_gmt":"2020-10-29T13:06:25","guid":{"rendered":"https:\/\/eestimetsameister.ee\/eesti-erametsaomanike-partner-nr-1\/"},"modified":"2025-11-14T13:22:43","modified_gmt":"2025-11-14T13:22:43","slug":"eesti-erametsaomanike-partner-nr-1","status":"publish","type":"page","link":"https:\/\/eestimetsameister.ee\/en\/eesti-erametsaomanike-partner-nr-1\/","title":{"rendered":"Estonian private forest owners partner no. 1"},"content":{"rendered":"\n<p>In Eesti Metsameister, we understand that forest is the greatest treasure for our people \u2013 few countries can say that more than half of their territory is covered with green gold. In addition to economic benefits, the forest also has a prominent place in our cultural heritage.<\/p>\n\n\n\n<p>Therefore, at Eesti Metsameister, we believe that the forest must be managed for posterity. Sustainability means planting new trees in a place of the cut ones and respecting the forest\u2019s life cycle.<\/p>\n","protected":false},"excerpt":{"rendered":"In Eesti Metsameister, we understand that forest is the greatest treasure for our people \u2013 few countries can say that more than half of their territory is covered with green gold. In addition to economic benefits, the forest also has a prominent place in our cultural heritage. Therefore, at Eesti Metsameister, we believe that the&#8230;","protected":false},"author":4,"featured_media":1556,"parent":0,"menu_order":26,"comment_status":"closed","ping_status":"closed","template":"TEMPLATE-service.php","meta":{"_acf_changed":false,"footnotes":""},"class_list":["post-2555","page","type-page","status-publish","has-post-thumbnail","hentry"],"acf":[],"yoast_head":"<!-- This site is optimized with the Yoast SEO plugin v27.3 - https:\/\/yoast.com\/product\/yoast-seo-wordpress\/ -->\n<title>Estonian private forest owners partner no. 1 - Metsameister<\/title>\n<meta name=\"description\" content=\"Eesti Metsameister kuulub Skovest Networki. Skovest Network on j\u00e4tkusuutlikule metsandusele p\u00fchendunud kontsern. Pakume erametsaomanikele ainsana Eestis paindlikku kompleksteenust - konsultatsioonid, metsamajanduskava, \u00fclest\u00f6\u00f6tamine, taimeistikud, istutamine ja j\u00e4relhooldus k\u00f5ik \u00fchest kohast.\" \/>\n<meta name=\"robots\" content=\"index, follow, max-snippet:-1, max-image-preview:large, max-video-preview:-1\" \/>\n<link rel=\"canonical\" href=\"https:\/\/eestimetsameister.ee\/en\/eesti-erametsaomanike-partner-nr-1\/\" \/>\n<meta property=\"og:locale\" content=\"en_US\" \/>\n<meta property=\"og:type\" content=\"article\" \/>\n<meta property=\"og:title\" content=\"Estonian private forest owners partner no. 1 - Metsameister\" \/>\n<meta property=\"og:description\" content=\"Eesti Metsameister kuulub Skovest Networki. Skovest Network on j\u00e4tkusuutlikule metsandusele p\u00fchendunud kontsern. Pakume erametsaomanikele ainsana Eestis paindlikku kompleksteenust - konsultatsioonid, metsamajanduskava, \u00fclest\u00f6\u00f6tamine, taimeistikud, istutamine ja j\u00e4relhooldus k\u00f5ik \u00fchest kohast.\" \/>\n<meta property=\"og:url\" content=\"https:\/\/eestimetsameister.ee\/en\/eesti-erametsaomanike-partner-nr-1\/\" \/>\n<meta property=\"og:site_name\" content=\"Metsameister\" \/>\n<meta property=\"article:publisher\" content=\"https:\/\/www.facebook.com\/Metsameister\" \/>\n<meta property=\"article:modified_time\" content=\"2025-11-14T13:22:43+00:00\" \/>\n<meta property=\"og:image\" content=\"http:\/\/eestimetsameister.ee\/wp-content\/uploads\/2021\/05\/esimenedroonikas-1-of-1-2.jpg\" \/>\n\t<meta property=\"og:image:width\" content=\"1920\" \/>\n\t<meta property=\"og:image:height\" content=\"1080\" \/>\n\t<meta property=\"og:image:type\" content=\"image\/jpeg\" \/>\n<meta name=\"twitter:card\" content=\"summary_large_image\" \/>\n<meta name=\"twitter:label1\" content=\"Est. reading time\" \/>\n\t<meta name=\"twitter:data1\" content=\"1 minute\" \/>\n<script type=\"application\/ld+json\" class=\"yoast-schema-graph\">{\"@context\":\"https:\\\/\\\/schema.org\",\"@graph\":[{\"@type\":\"WebPage\",\"@id\":\"https:\\\/\\\/eestimetsameister.ee\\\/en\\\/eesti-erametsaomanike-partner-nr-1\\\/\",\"url\":\"https:\\\/\\\/eestimetsameister.ee\\\/en\\\/eesti-erametsaomanike-partner-nr-1\\\/\",\"name\":\"Estonian private forest owners partner no. 1 - Metsameister\",\"isPartOf\":{\"@id\":\"https:\\\/\\\/eestimetsameister.ee\\\/#website\"},\"primaryImageOfPage\":{\"@id\":\"https:\\\/\\\/eestimetsameister.ee\\\/en\\\/eesti-erametsaomanike-partner-nr-1\\\/#primaryimage\"},\"image\":{\"@id\":\"https:\\\/\\\/eestimetsameister.ee\\\/en\\\/eesti-erametsaomanike-partner-nr-1\\\/#primaryimage\"},\"thumbnailUrl\":\"https:\\\/\\\/eestimetsameister.ee\\\/wp-content\\\/uploads\\\/2021\\\/05\\\/esimenedroonikas-1-of-1-2.jpg\",\"datePublished\":\"2020-10-29T13:06:25+00:00\",\"dateModified\":\"2025-11-14T13:22:43+00:00\",\"description\":\"Eesti Metsameister kuulub Skovest Networki. Skovest Network on j\u00e4tkusuutlikule metsandusele p\u00fchendunud kontsern. Pakume erametsaomanikele ainsana Eestis paindlikku kompleksteenust - konsultatsioonid, metsamajanduskava, \u00fclest\u00f6\u00f6tamine, taimeistikud, istutamine ja j\u00e4relhooldus k\u00f5ik \u00fchest kohast.\",\"breadcrumb\":{\"@id\":\"https:\\\/\\\/eestimetsameister.ee\\\/en\\\/eesti-erametsaomanike-partner-nr-1\\\/#breadcrumb\"},\"inLanguage\":\"en-US\",\"potentialAction\":[{\"@type\":\"ReadAction\",\"target\":[\"https:\\\/\\\/eestimetsameister.ee\\\/en\\\/eesti-erametsaomanike-partner-nr-1\\\/\"]}]},{\"@type\":\"ImageObject\",\"inLanguage\":\"en-US\",\"@id\":\"https:\\\/\\\/eestimetsameister.ee\\\/en\\\/eesti-erametsaomanike-partner-nr-1\\\/#primaryimage\",\"url\":\"https:\\\/\\\/eestimetsameister.ee\\\/wp-content\\\/uploads\\\/2021\\\/05\\\/esimenedroonikas-1-of-1-2.jpg\",\"contentUrl\":\"https:\\\/\\\/eestimetsameister.ee\\\/wp-content\\\/uploads\\\/2021\\\/05\\\/esimenedroonikas-1-of-1-2.jpg\",\"width\":1920,\"height\":1080,\"caption\":\"eesti metsameister\"},{\"@type\":\"BreadcrumbList\",\"@id\":\"https:\\\/\\\/eestimetsameister.ee\\\/en\\\/eesti-erametsaomanike-partner-nr-1\\\/#breadcrumb\",\"itemListElement\":[{\"@type\":\"ListItem\",\"position\":1,\"name\":\"Home\",\"item\":\"https:\\\/\\\/eestimetsameister.ee\\\/?lang=en\"},{\"@type\":\"ListItem\",\"position\":2,\"name\":\"Estonian private forest owners partner no. 1\"}]},{\"@type\":\"WebSite\",\"@id\":\"https:\\\/\\\/eestimetsameister.ee\\\/#website\",\"url\":\"https:\\\/\\\/eestimetsameister.ee\\\/\",\"name\":\"Metsameister\",\"description\":\"Eesti metsanduse uus p\u00f5lvkond! Kehtestame uusi j\u00e4tkusuutliku metsamajandamise standardeid, olles teadlikule maaomanikule parim partner Eesti metsas.\",\"publisher\":{\"@id\":\"https:\\\/\\\/eestimetsameister.ee\\\/#organization\"},\"potentialAction\":[{\"@type\":\"SearchAction\",\"target\":{\"@type\":\"EntryPoint\",\"urlTemplate\":\"https:\\\/\\\/eestimetsameister.ee\\\/?s={search_term_string}\"},\"query-input\":{\"@type\":\"PropertyValueSpecification\",\"valueRequired\":true,\"valueName\":\"search_term_string\"}}],\"inLanguage\":\"en-US\"},{\"@type\":\"Organization\",\"@id\":\"https:\\\/\\\/eestimetsameister.ee\\\/#organization\",\"name\":\"Eesti Metsameister\",\"url\":\"https:\\\/\\\/eestimetsameister.ee\\\/\",\"logo\":{\"@type\":\"ImageObject\",\"inLanguage\":\"en-US\",\"@id\":\"https:\\\/\\\/eestimetsameister.ee\\\/#\\\/schema\\\/logo\\\/image\\\/\",\"url\":\"https:\\\/\\\/eestimetsameister.ee\\\/wp-content\\\/uploads\\\/2026\\\/01\\\/Eesti_Metsameister_logo_1800x430_RGB.png\",\"contentUrl\":\"https:\\\/\\\/eestimetsameister.ee\\\/wp-content\\\/uploads\\\/2026\\\/01\\\/Eesti_Metsameister_logo_1800x430_RGB.png\",\"width\":1800,\"height\":430,\"caption\":\"Eesti Metsameister\"},\"image\":{\"@id\":\"https:\\\/\\\/eestimetsameister.ee\\\/#\\\/schema\\\/logo\\\/image\\\/\"},\"sameAs\":[\"https:\\\/\\\/www.facebook.com\\\/Metsameister\"]}]}<\/script>\n<!-- \/ Yoast SEO plugin. -->","yoast_head_json":{"title":"Estonian private forest owners partner no. 1 - Metsameister","description":"Eesti Metsameister kuulub Skovest Networki. Skovest Network on j\u00e4tkusuutlikule metsandusele p\u00fchendunud kontsern. Pakume erametsaomanikele ainsana Eestis paindlikku kompleksteenust - konsultatsioonid, metsamajanduskava, \u00fclest\u00f6\u00f6tamine, taimeistikud, istutamine ja j\u00e4relhooldus k\u00f5ik \u00fchest kohast.","robots":{"index":"index","follow":"follow","max-snippet":"max-snippet:-1","max-image-preview":"max-image-preview:large","max-video-preview":"max-video-preview:-1"},"canonical":"https:\/\/eestimetsameister.ee\/en\/eesti-erametsaomanike-partner-nr-1\/","og_locale":"en_US","og_type":"article","og_title":"Estonian private forest owners partner no. 1 - Metsameister","og_description":"Eesti Metsameister kuulub Skovest Networki. Skovest Network on j\u00e4tkusuutlikule metsandusele p\u00fchendunud kontsern. Pakume erametsaomanikele ainsana Eestis paindlikku kompleksteenust - konsultatsioonid, metsamajanduskava, \u00fclest\u00f6\u00f6tamine, taimeistikud, istutamine ja j\u00e4relhooldus k\u00f5ik \u00fchest kohast.","og_url":"https:\/\/eestimetsameister.ee\/en\/eesti-erametsaomanike-partner-nr-1\/","og_site_name":"Metsameister","article_publisher":"https:\/\/www.facebook.com\/Metsameister","article_modified_time":"2025-11-14T13:22:43+00:00","og_image":[{"width":1920,"height":1080,"url":"http:\/\/eestimetsameister.ee\/wp-content\/uploads\/2021\/05\/esimenedroonikas-1-of-1-2.jpg","type":"image\/jpeg"}],"twitter_card":"summary_large_image","twitter_misc":{"Est. reading time":"1 minute"},"schema":{"@context":"https:\/\/schema.org","@graph":[{"@type":"WebPage","@id":"https:\/\/eestimetsameister.ee\/en\/eesti-erametsaomanike-partner-nr-1\/","url":"https:\/\/eestimetsameister.ee\/en\/eesti-erametsaomanike-partner-nr-1\/","name":"Estonian private forest owners partner no. 1 - Metsameister","isPartOf":{"@id":"https:\/\/eestimetsameister.ee\/#website"},"primaryImageOfPage":{"@id":"https:\/\/eestimetsameister.ee\/en\/eesti-erametsaomanike-partner-nr-1\/#primaryimage"},"image":{"@id":"https:\/\/eestimetsameister.ee\/en\/eesti-erametsaomanike-partner-nr-1\/#primaryimage"},"thumbnailUrl":"https:\/\/eestimetsameister.ee\/wp-content\/uploads\/2021\/05\/esimenedroonikas-1-of-1-2.jpg","datePublished":"2020-10-29T13:06:25+00:00","dateModified":"2025-11-14T13:22:43+00:00","description":"Eesti Metsameister kuulub Skovest Networki. Skovest Network on j\u00e4tkusuutlikule metsandusele p\u00fchendunud kontsern. Pakume erametsaomanikele ainsana Eestis paindlikku kompleksteenust - konsultatsioonid, metsamajanduskava, \u00fclest\u00f6\u00f6tamine, taimeistikud, istutamine ja j\u00e4relhooldus k\u00f5ik \u00fchest kohast.","breadcrumb":{"@id":"https:\/\/eestimetsameister.ee\/en\/eesti-erametsaomanike-partner-nr-1\/#breadcrumb"},"inLanguage":"en-US","potentialAction":[{"@type":"ReadAction","target":["https:\/\/eestimetsameister.ee\/en\/eesti-erametsaomanike-partner-nr-1\/"]}]},{"@type":"ImageObject","inLanguage":"en-US","@id":"https:\/\/eestimetsameister.ee\/en\/eesti-erametsaomanike-partner-nr-1\/#primaryimage","url":"https:\/\/eestimetsameister.ee\/wp-content\/uploads\/2021\/05\/esimenedroonikas-1-of-1-2.jpg","contentUrl":"https:\/\/eestimetsameister.ee\/wp-content\/uploads\/2021\/05\/esimenedroonikas-1-of-1-2.jpg","width":1920,"height":1080,"caption":"eesti metsameister"},{"@type":"BreadcrumbList","@id":"https:\/\/eestimetsameister.ee\/en\/eesti-erametsaomanike-partner-nr-1\/#breadcrumb","itemListElement":[{"@type":"ListItem","position":1,"name":"Home","item":"https:\/\/eestimetsameister.ee\/?lang=en"},{"@type":"ListItem","position":2,"name":"Estonian private forest owners partner no. 1"}]},{"@type":"WebSite","@id":"https:\/\/eestimetsameister.ee\/#website","url":"https:\/\/eestimetsameister.ee\/","name":"Metsameister","description":"Eesti metsanduse uus p\u00f5lvkond! Kehtestame uusi j\u00e4tkusuutliku metsamajandamise standardeid, olles teadlikule maaomanikule parim partner Eesti metsas.","publisher":{"@id":"https:\/\/eestimetsameister.ee\/#organization"},"potentialAction":[{"@type":"SearchAction","target":{"@type":"EntryPoint","urlTemplate":"https:\/\/eestimetsameister.ee\/?s={search_term_string}"},"query-input":{"@type":"PropertyValueSpecification","valueRequired":true,"valueName":"search_term_string"}}],"inLanguage":"en-US"},{"@type":"Organization","@id":"https:\/\/eestimetsameister.ee\/#organization","name":"Eesti Metsameister","url":"https:\/\/eestimetsameister.ee\/","logo":{"@type":"ImageObject","inLanguage":"en-US","@id":"https:\/\/eestimetsameister.ee\/#\/schema\/logo\/image\/","url":"https:\/\/eestimetsameister.ee\/wp-content\/uploads\/2026\/01\/Eesti_Metsameister_logo_1800x430_RGB.png","contentUrl":"https:\/\/eestimetsameister.ee\/wp-content\/uploads\/2026\/01\/Eesti_Metsameister_logo_1800x430_RGB.png","width":1800,"height":430,"caption":"Eesti Metsameister"},"image":{"@id":"https:\/\/eestimetsameister.ee\/#\/schema\/logo\/image\/"},"sameAs":["https:\/\/www.facebook.com\/Metsameister"]}]}},"_links":{"self":[{"href":"https:\/\/eestimetsameister.ee\/en\/wp-json\/wp\/v2\/pages\/2555","targetHints":{"allow":["GET"]}}],"collection":[{"href":"https:\/\/eestimetsameister.ee\/en\/wp-json\/wp\/v2\/pages"}],"about":[{"href":"https:\/\/eestimetsameister.ee\/en\/wp-json\/wp\/v2\/types\/page"}],"author":[{"embeddable":true,"href":"https:\/\/eestimetsameister.ee\/en\/wp-json\/wp\/v2\/users\/4"}],"replies":[{"embeddable":true,"href":"https:\/\/eestimetsameister.ee\/en\/wp-json\/wp\/v2\/comments?post=2555"}],"version-history":[{"count":5,"href":"https:\/\/eestimetsameister.ee\/en\/wp-json\/wp\/v2\/pages\/2555\/revisions"}],"predecessor-version":[{"id":3395,"href":"https:\/\/eestimetsameister.ee\/en\/wp-json\/wp\/v2\/pages\/2555\/revisions\/3395"}],"wp:featuredmedia":[{"embeddable":true,"href":"https:\/\/eestimetsameister.ee\/en\/wp-json\/wp\/v2\/media\/1556"}],"wp:attachment":[{"href":"https:\/\/eestimetsameister.ee\/en\/wp-json\/wp\/v2\/media?parent=2555"}],"curies":[{"name":"wp","href":"https:\/\/api.w.org\/{rel}","templated":true}]}}