{"id":2577,"date":"2020-11-13T11:42:31","date_gmt":"2020-11-13T11:42:31","guid":{"rendered":"https:\/\/eestimetsameister.ee\/portfoolio\/"},"modified":"2024-10-14T09:33:50","modified_gmt":"2024-10-14T09:33:50","slug":"portfoolio","status":"publish","type":"page","link":"https:\/\/eestimetsameister.ee\/en\/portfoolio\/","title":{"rendered":"Eesti Metsameister\u2019s portfolio"},"content":{"rendered":"\n<p>Here you will find portfolio and overview of our work projects, which contain pictures, commentary and feedback. Hopefully, this will help you get an idea of the nature of the forestry work and it\u2019s differences.<\/p>\n","protected":false},"excerpt":{"rendered":"Here you will find portfolio and overview of our work projects, which contain pictures, commentary and feedback. Hopefully, this will help you get an idea of the nature of the forestry work and it\u2019s differences.","protected":false},"author":4,"featured_media":0,"parent":0,"menu_order":34,"comment_status":"closed","ping_status":"closed","template":"TEMPLATE-portfolio.php","meta":{"_acf_changed":false,"footnotes":""},"class_list":["post-2577","page","type-page","status-publish","hentry"],"acf":[],"yoast_head":"<!-- This site is optimized with the Yoast SEO plugin v27.3 - https:\/\/yoast.com\/product\/yoast-seo-wordpress\/ -->\n<title>Eesti Metsameister\u2019s portfolio - Metsameister<\/title>\n<meta name=\"description\" content=\"Eesti Metsameister kuulub Skovest Networki. Skovest Network on j\u00e4tkusuutlikule metsandusele p\u00fchendunud kontsern. Pakume erametsaomanikele ainsana Eestis paindlikku kompleksteenust - konsultatsioonid, metsamajanduskava, \u00fclest\u00f6\u00f6tamine, taimeistikud, istutamine ja j\u00e4relhooldus k\u00f5ik \u00fchest kohast.\" \/>\n<meta name=\"robots\" content=\"index, follow, max-snippet:-1, max-image-preview:large, max-video-preview:-1\" \/>\n<link rel=\"canonical\" href=\"https:\/\/eestimetsameister.ee\/portfoolio\/?lang=en\" \/>\n<meta property=\"og:locale\" content=\"en_US\" \/>\n<meta property=\"og:type\" content=\"article\" \/>\n<meta property=\"og:title\" content=\"Eesti Metsameister\u2019s portfolio - Metsameister\" \/>\n<meta property=\"og:description\" content=\"Eesti Metsameister kuulub Skovest Networki. Skovest Network on j\u00e4tkusuutlikule metsandusele p\u00fchendunud kontsern. Pakume erametsaomanikele ainsana Eestis paindlikku kompleksteenust - konsultatsioonid, metsamajanduskava, \u00fclest\u00f6\u00f6tamine, taimeistikud, istutamine ja j\u00e4relhooldus k\u00f5ik \u00fchest kohast.\" \/>\n<meta property=\"og:url\" content=\"https:\/\/eestimetsameister.ee\/portfoolio\/?lang=en\" \/>\n<meta property=\"og:site_name\" content=\"Metsameister\" \/>\n<meta property=\"article:publisher\" content=\"https:\/\/www.facebook.com\/Metsameister\" \/>\n<meta property=\"article:modified_time\" content=\"2024-10-14T09:33:50+00:00\" \/>\n<meta property=\"og:image\" content=\"https:\/\/eestimetsameister.ee\/wp-content\/uploads\/2021\/05\/fb_share_eesti_metsameister-1.jpg\" \/>\n\t<meta property=\"og:image:width\" content=\"1200\" \/>\n\t<meta property=\"og:image:height\" content=\"630\" \/>\n\t<meta property=\"og:image:type\" content=\"image\/jpeg\" \/>\n<meta name=\"twitter:card\" content=\"summary_large_image\" \/>\n<meta name=\"twitter:label1\" content=\"Est. reading time\" \/>\n\t<meta name=\"twitter:data1\" content=\"1 minute\" \/>\n<script type=\"application\/ld+json\" class=\"yoast-schema-graph\">{\"@context\":\"https:\\\/\\\/schema.org\",\"@graph\":[{\"@type\":\"WebPage\",\"@id\":\"https:\\\/\\\/eestimetsameister.ee\\\/portfoolio\\\/?lang=en\",\"url\":\"https:\\\/\\\/eestimetsameister.ee\\\/portfoolio\\\/?lang=en\",\"name\":\"Eesti Metsameister\u2019s portfolio - Metsameister\",\"isPartOf\":{\"@id\":\"https:\\\/\\\/eestimetsameister.ee\\\/#website\"},\"datePublished\":\"2020-11-13T11:42:31+00:00\",\"dateModified\":\"2024-10-14T09:33:50+00:00\",\"description\":\"Eesti Metsameister kuulub Skovest Networki. Skovest Network on j\u00e4tkusuutlikule metsandusele p\u00fchendunud kontsern. Pakume erametsaomanikele ainsana Eestis paindlikku kompleksteenust - konsultatsioonid, metsamajanduskava, \u00fclest\u00f6\u00f6tamine, taimeistikud, istutamine ja j\u00e4relhooldus k\u00f5ik \u00fchest kohast.\",\"breadcrumb\":{\"@id\":\"https:\\\/\\\/eestimetsameister.ee\\\/portfoolio\\\/?lang=en#breadcrumb\"},\"inLanguage\":\"en-US\",\"potentialAction\":[{\"@type\":\"ReadAction\",\"target\":[\"https:\\\/\\\/eestimetsameister.ee\\\/portfoolio\\\/?lang=en\"]}]},{\"@type\":\"BreadcrumbList\",\"@id\":\"https:\\\/\\\/eestimetsameister.ee\\\/portfoolio\\\/?lang=en#breadcrumb\",\"itemListElement\":[{\"@type\":\"ListItem\",\"position\":1,\"name\":\"Home\",\"item\":\"https:\\\/\\\/eestimetsameister.ee\\\/?lang=en\"},{\"@type\":\"ListItem\",\"position\":2,\"name\":\"Eesti Metsameister\u2019s portfolio\"}]},{\"@type\":\"WebSite\",\"@id\":\"https:\\\/\\\/eestimetsameister.ee\\\/#website\",\"url\":\"https:\\\/\\\/eestimetsameister.ee\\\/\",\"name\":\"Metsameister\",\"description\":\"Eesti metsanduse uus p\u00f5lvkond! Kehtestame uusi j\u00e4tkusuutliku metsamajandamise standardeid, olles teadlikule maaomanikule parim partner Eesti metsas.\",\"publisher\":{\"@id\":\"https:\\\/\\\/eestimetsameister.ee\\\/#organization\"},\"potentialAction\":[{\"@type\":\"SearchAction\",\"target\":{\"@type\":\"EntryPoint\",\"urlTemplate\":\"https:\\\/\\\/eestimetsameister.ee\\\/?s={search_term_string}\"},\"query-input\":{\"@type\":\"PropertyValueSpecification\",\"valueRequired\":true,\"valueName\":\"search_term_string\"}}],\"inLanguage\":\"en-US\"},{\"@type\":\"Organization\",\"@id\":\"https:\\\/\\\/eestimetsameister.ee\\\/#organization\",\"name\":\"Eesti Metsameister\",\"url\":\"https:\\\/\\\/eestimetsameister.ee\\\/\",\"logo\":{\"@type\":\"ImageObject\",\"inLanguage\":\"en-US\",\"@id\":\"https:\\\/\\\/eestimetsameister.ee\\\/#\\\/schema\\\/logo\\\/image\\\/\",\"url\":\"https:\\\/\\\/eestimetsameister.ee\\\/wp-content\\\/uploads\\\/2026\\\/01\\\/Eesti_Metsameister_logo_1800x430_RGB.png\",\"contentUrl\":\"https:\\\/\\\/eestimetsameister.ee\\\/wp-content\\\/uploads\\\/2026\\\/01\\\/Eesti_Metsameister_logo_1800x430_RGB.png\",\"width\":1800,\"height\":430,\"caption\":\"Eesti Metsameister\"},\"image\":{\"@id\":\"https:\\\/\\\/eestimetsameister.ee\\\/#\\\/schema\\\/logo\\\/image\\\/\"},\"sameAs\":[\"https:\\\/\\\/www.facebook.com\\\/Metsameister\"]}]}<\/script>\n<!-- \/ Yoast SEO plugin. -->","yoast_head_json":{"title":"Eesti Metsameister\u2019s portfolio - Metsameister","description":"Eesti Metsameister kuulub Skovest Networki. Skovest Network on j\u00e4tkusuutlikule metsandusele p\u00fchendunud kontsern. Pakume erametsaomanikele ainsana Eestis paindlikku kompleksteenust - konsultatsioonid, metsamajanduskava, \u00fclest\u00f6\u00f6tamine, taimeistikud, istutamine ja j\u00e4relhooldus k\u00f5ik \u00fchest kohast.","robots":{"index":"index","follow":"follow","max-snippet":"max-snippet:-1","max-image-preview":"max-image-preview:large","max-video-preview":"max-video-preview:-1"},"canonical":"https:\/\/eestimetsameister.ee\/portfoolio\/?lang=en","og_locale":"en_US","og_type":"article","og_title":"Eesti Metsameister\u2019s portfolio - Metsameister","og_description":"Eesti Metsameister kuulub Skovest Networki. Skovest Network on j\u00e4tkusuutlikule metsandusele p\u00fchendunud kontsern. Pakume erametsaomanikele ainsana Eestis paindlikku kompleksteenust - konsultatsioonid, metsamajanduskava, \u00fclest\u00f6\u00f6tamine, taimeistikud, istutamine ja j\u00e4relhooldus k\u00f5ik \u00fchest kohast.","og_url":"https:\/\/eestimetsameister.ee\/portfoolio\/?lang=en","og_site_name":"Metsameister","article_publisher":"https:\/\/www.facebook.com\/Metsameister","article_modified_time":"2024-10-14T09:33:50+00:00","og_image":[{"width":1200,"height":630,"url":"https:\/\/eestimetsameister.ee\/wp-content\/uploads\/2021\/05\/fb_share_eesti_metsameister-1.jpg","type":"image\/jpeg"}],"twitter_card":"summary_large_image","twitter_misc":{"Est. reading time":"1 minute"},"schema":{"@context":"https:\/\/schema.org","@graph":[{"@type":"WebPage","@id":"https:\/\/eestimetsameister.ee\/portfoolio\/?lang=en","url":"https:\/\/eestimetsameister.ee\/portfoolio\/?lang=en","name":"Eesti Metsameister\u2019s portfolio - Metsameister","isPartOf":{"@id":"https:\/\/eestimetsameister.ee\/#website"},"datePublished":"2020-11-13T11:42:31+00:00","dateModified":"2024-10-14T09:33:50+00:00","description":"Eesti Metsameister kuulub Skovest Networki. Skovest Network on j\u00e4tkusuutlikule metsandusele p\u00fchendunud kontsern. Pakume erametsaomanikele ainsana Eestis paindlikku kompleksteenust - konsultatsioonid, metsamajanduskava, \u00fclest\u00f6\u00f6tamine, taimeistikud, istutamine ja j\u00e4relhooldus k\u00f5ik \u00fchest kohast.","breadcrumb":{"@id":"https:\/\/eestimetsameister.ee\/portfoolio\/?lang=en#breadcrumb"},"inLanguage":"en-US","potentialAction":[{"@type":"ReadAction","target":["https:\/\/eestimetsameister.ee\/portfoolio\/?lang=en"]}]},{"@type":"BreadcrumbList","@id":"https:\/\/eestimetsameister.ee\/portfoolio\/?lang=en#breadcrumb","itemListElement":[{"@type":"ListItem","position":1,"name":"Home","item":"https:\/\/eestimetsameister.ee\/?lang=en"},{"@type":"ListItem","position":2,"name":"Eesti Metsameister\u2019s portfolio"}]},{"@type":"WebSite","@id":"https:\/\/eestimetsameister.ee\/#website","url":"https:\/\/eestimetsameister.ee\/","name":"Metsameister","description":"Eesti metsanduse uus p\u00f5lvkond! Kehtestame uusi j\u00e4tkusuutliku metsamajandamise standardeid, olles teadlikule maaomanikule parim partner Eesti metsas.","publisher":{"@id":"https:\/\/eestimetsameister.ee\/#organization"},"potentialAction":[{"@type":"SearchAction","target":{"@type":"EntryPoint","urlTemplate":"https:\/\/eestimetsameister.ee\/?s={search_term_string}"},"query-input":{"@type":"PropertyValueSpecification","valueRequired":true,"valueName":"search_term_string"}}],"inLanguage":"en-US"},{"@type":"Organization","@id":"https:\/\/eestimetsameister.ee\/#organization","name":"Eesti Metsameister","url":"https:\/\/eestimetsameister.ee\/","logo":{"@type":"ImageObject","inLanguage":"en-US","@id":"https:\/\/eestimetsameister.ee\/#\/schema\/logo\/image\/","url":"https:\/\/eestimetsameister.ee\/wp-content\/uploads\/2026\/01\/Eesti_Metsameister_logo_1800x430_RGB.png","contentUrl":"https:\/\/eestimetsameister.ee\/wp-content\/uploads\/2026\/01\/Eesti_Metsameister_logo_1800x430_RGB.png","width":1800,"height":430,"caption":"Eesti Metsameister"},"image":{"@id":"https:\/\/eestimetsameister.ee\/#\/schema\/logo\/image\/"},"sameAs":["https:\/\/www.facebook.com\/Metsameister"]}]}},"_links":{"self":[{"href":"https:\/\/eestimetsameister.ee\/en\/wp-json\/wp\/v2\/pages\/2577","targetHints":{"allow":["GET"]}}],"collection":[{"href":"https:\/\/eestimetsameister.ee\/en\/wp-json\/wp\/v2\/pages"}],"about":[{"href":"https:\/\/eestimetsameister.ee\/en\/wp-json\/wp\/v2\/types\/page"}],"author":[{"embeddable":true,"href":"https:\/\/eestimetsameister.ee\/en\/wp-json\/wp\/v2\/users\/4"}],"replies":[{"embeddable":true,"href":"https:\/\/eestimetsameister.ee\/en\/wp-json\/wp\/v2\/comments?post=2577"}],"version-history":[{"count":2,"href":"https:\/\/eestimetsameister.ee\/en\/wp-json\/wp\/v2\/pages\/2577\/revisions"}],"predecessor-version":[{"id":2951,"href":"https:\/\/eestimetsameister.ee\/en\/wp-json\/wp\/v2\/pages\/2577\/revisions\/2951"}],"wp:attachment":[{"href":"https:\/\/eestimetsameister.ee\/en\/wp-json\/wp\/v2\/media?parent=2577"}],"curies":[{"name":"wp","href":"https:\/\/api.w.org\/{rel}","templated":true}]}}