{"id":3167,"date":"2020-11-11T08:47:39","date_gmt":"2020-11-11T08:47:39","guid":{"rendered":"https:\/\/eestimetsameister.ee\/privaatsustingimused\/"},"modified":"2020-11-11T08:47:39","modified_gmt":"2020-11-11T08:47:39","slug":"privaatsustingimused","status":"publish","type":"page","link":"https:\/\/eestimetsameister.ee\/en\/privaatsustingimused\/","title":{"rendered":"Privaatsustingimused"},"content":{"rendered":"\n<h3 class=\"wp-block-heading\">Eesm\u00e4rk<\/h3>\n\n\n\n<ul class=\"wp-block-list\"><li>Eesti Metsameister O\u00dc (\u201eEttev\u00f5te\u201c) v\u00e4\u00e4rtustab ja peab oluliseks isikuandmete kaitset. L\u00e4htudes kohustusest kaitsta isiku privaatsust ja \u00f5igusi isikuandmete t\u00f6\u00f6tlemisel, koostas Ettev\u00f5te l\u00e4bipaistvaks ja selgeks andmet\u00f6\u00f6tluseks k\u00e4esolevad andmekaitsetingimused (\u201ePrivaatsuspoliitika\u201c). <\/li><li>Privaatsuspoliitika m\u00e4\u00e4rab kindlaks mh p\u00f5him\u00f5tted, millele tuginedes t\u00f6\u00f6tleb Ettev\u00f5te isikuandmeid ja millised on isiku \u00f5igused isikuandmete t\u00f6\u00f6tlemisel. <\/li><li>Privaatsuspoliitika kehtib k\u00f5igi f\u00fc\u00fcsiliste isikute (\u201eKlient\u201c) suhtes, kes kasutavad Ettev\u00f5tte teenuseid ja veebilehte, s\u00f5lmivad Ettev\u00f5ttega mistahes lepingu, peavad Ettev\u00f5ttega lepingueelseid l\u00e4bir\u00e4\u00e4kimisi v\u00f5i esitavad Ettev\u00f5ttele p\u00e4ringuid. <\/li><li>Privaatsuspoliitika l\u00e4htub Euroopa Parlamendi poolt heaks kiidetud isikuandmete kaitse \u00fcldm\u00e4\u00e4rusest (Euroopa Parlamendi ja N\u00f5ukogu m\u00e4\u00e4rus 2016\/679 f\u00fc\u00fcsiliste isikute kaitse kohta isikuandmete t\u00f6\u00f6tlemisel ja selliste andmete vaba liikumise ning direktiivi 95\/46\/E\u00dc kehtetuks tunnistamise kohta, \u201eGDPR\u201c) ja Eesti Vabariigis kehtivast isikuandmete kaitse seadusest (\u201eIKS\u201c). <\/li><li>Privaatsuspoliitika on Ettev\u00f5tte k\u00f5igi lepingute osa. K\u00fclastades veebilehte, kasutades Ettev\u00f5tte teenuseid, s\u00f5lmides Ettev\u00f5ttega mistahes lepinguid, pidades Ettev\u00f5ttega lepingueelseid l\u00e4bir\u00e4\u00e4kimisi v\u00f5i esitades Ettev\u00f5ttele p\u00e4ringuid, n\u00f5ustute Privaatsuspoliitika tingimustega.<\/li><\/ul>\n\n\n\n<h3 class=\"wp-block-heading\">Isikuandmed ja nende t\u00f6\u00f6tlemine<\/h3>\n\n\n\n<ul class=\"wp-block-list\"><li>Isikuandmed on mistahes teave tuvastatud v\u00f5i tuvastatava f\u00fc\u00fcsilise isiku kohta, mida Ettev\u00f5te t\u00f6\u00f6tleb Privaatsuspoliitika p-s 2.3 nimetatud tegevuste raames. <\/li><li>Ettev\u00f5te t\u00f6\u00f6tleb vajadusel Privaatsuspoliitika p-s 2.4 nimetatud eesm\u00e4rkidel mh j\u00e4rgmisi isikuandmeid:<ul><li>Kliendi nimi, isikukood, e-posti aadress, postiaadress, telefoninumber, pangakonto number, kinnistu-, kasutusvalduse- ja raie\u00f5iguse andmed; <\/li><li>andmed lepinguga seotud tahteavalduste, arvete ja makseinfo kohta; <\/li><li>muud andmed, mida Ettev\u00f5te v\u00f5ib v\u00f5i peab m\u00f5istlikus ulatuses ja vajalikus mahus Privaatsuspoliitika p-s 2.3 nimetatud tegevuste raames t\u00f6\u00f6tlema.<\/li><\/ul><\/li><li>Ettev\u00f5te t\u00f6\u00f6tleb isikuandmeid eelk\u00f5ige eesm\u00e4rgiga pakkuda Kliendile parimat teenust, t\u00e4ita s\u00f5lmitud lepingut, vastata Kliendi p\u00e4ringutele ja v\u00f5tta Kliendiga \u00fchendust. <\/li><li>Ettev\u00f5te t\u00f6\u00f6tleb isikuandmeid \u00fcksnes ulatuses, mis on minimaalselt vajalik t\u00f6\u00f6tlemise eesm\u00e4rkide saavutamiseks. <\/li><li>Ettev\u00f5te t\u00f6\u00f6tleb isikuandmeid \u00fcksnes ajani, mil see on vajalik v\u00f5i kuni juriidilise kohustuse t\u00e4itmiseni.<\/li><\/ul>\n\n\n\n<h3 class=\"wp-block-heading\">Isikuandmete kaitse<\/h3>\n\n\n\n<ul class=\"wp-block-list\"><li>Ettev\u00f5te v\u00e4\u00e4rtustab Kliendi privaatsust ja tema isikuandmete kaitset. <\/li><li>Ettev\u00f5te k\u00e4sitleb Kliendi k\u00f5iki isikuandmeid konfidentsiaalse teabena. <\/li><li>Ettev\u00f5te tagab isikuandmete t\u00f6\u00f6tlemise turvalisuse vastavalt kehtivatele \u00f5igusaktidele, s.h \u201eGDPR\u201c ja \u201eIKS\u201c. Isikuandmete kaitse on Ettev\u00f5tte igap\u00e4eva majandustegevuses t\u00e4iendavalt reguleeritud ka Ettev\u00f5tte sisemiste turvareeglitega. <\/li><li>V\u00f5ttes arvesse teaduse ja tehnoloogia viimast arengut ja rakendamise kulusid ning arvestades isikuandmete t\u00f6\u00f6tlemise laadi, ulatust, konteksti ja eesm\u00e4rke, rakendab Ettev\u00f5te ohule vastava turvalisuse taseme tagamiseks asjakohaseid tehnilisi ja korralduslikke meetmeid. <\/li><li>Juurdep\u00e4\u00e4s isikuandmete t\u00f6\u00f6tlemiseks on ainult vastutava(te)l ja volitatud t\u00f6\u00f6tleja(te)l, kui Ettev\u00f5ttel ei ole nimetatust teistsugust juriidilist kohustust.<\/li><\/ul>\n","protected":false},"excerpt":{"rendered":"Eesm\u00e4rk Eesti Metsameister O\u00dc (\u201eEttev\u00f5te\u201c) v\u00e4\u00e4rtustab ja peab oluliseks isikuandmete kaitset. L\u00e4htudes kohustusest kaitsta isiku privaatsust ja \u00f5igusi isikuandmete t\u00f6\u00f6tlemisel, koostas Ettev\u00f5te l\u00e4bipaistvaks ja selgeks andmet\u00f6\u00f6tluseks k\u00e4esolevad andmekaitsetingimused (\u201ePrivaatsuspoliitika\u201c). Privaatsuspoliitika m\u00e4\u00e4rab kindlaks mh p\u00f5him\u00f5tted, millele tuginedes t\u00f6\u00f6tleb Ettev\u00f5te isikuandmeid ja millised on isiku \u00f5igused isikuandmete t\u00f6\u00f6tlemisel. Privaatsuspoliitika kehtib k\u00f5igi f\u00fc\u00fcsiliste isikute (\u201eKlient\u201c) suhtes, kes kasutavad&#8230;","protected":false},"author":4,"featured_media":0,"parent":0,"menu_order":57,"comment_status":"closed","ping_status":"closed","template":"TEMPLATE-privacy-page.php","meta":{"_acf_changed":false,"footnotes":""},"class_list":["post-3167","page","type-page","status-publish","hentry"],"acf":[],"yoast_head":"<!-- This site is optimized with the Yoast SEO plugin v27.4 - https:\/\/yoast.com\/product\/yoast-seo-wordpress\/ -->\n<title>Privaatsustingimused - Metsameister<\/title>\n<meta name=\"description\" content=\"Eesti metsanduse uus p\u00f5lvkond! Kehtestame uusi j\u00e4tkusuutliku metsamajandamise standardeid, olles teadlikule maaomanikule parim partner Eesti metsas.\" \/>\n<meta name=\"robots\" content=\"index, follow, max-snippet:-1, max-image-preview:large, max-video-preview:-1\" \/>\n<link rel=\"canonical\" href=\"https:\/\/eestimetsameister.ee\/en\/privaatsustingimused\/\" \/>\n<meta property=\"og:locale\" content=\"en_US\" \/>\n<meta property=\"og:type\" content=\"article\" \/>\n<meta property=\"og:title\" content=\"Privaatsustingimused - Metsameister\" \/>\n<meta property=\"og:description\" content=\"Eesti metsanduse uus p\u00f5lvkond! Kehtestame uusi j\u00e4tkusuutliku metsamajandamise standardeid, olles teadlikule maaomanikule parim partner Eesti metsas.\" \/>\n<meta property=\"og:url\" content=\"https:\/\/eestimetsameister.ee\/en\/privaatsustingimused\/\" \/>\n<meta property=\"og:site_name\" content=\"Metsameister\" \/>\n<meta property=\"article:publisher\" content=\"https:\/\/www.facebook.com\/Metsameister\" \/>\n<meta property=\"og:image\" content=\"https:\/\/eestimetsameister.ee\/wp-content\/uploads\/2021\/05\/fb_share_eesti_metsameister-1.jpg\" \/>\n\t<meta property=\"og:image:width\" content=\"1200\" \/>\n\t<meta property=\"og:image:height\" content=\"630\" \/>\n\t<meta property=\"og:image:type\" content=\"image\/jpeg\" \/>\n<meta name=\"twitter:card\" content=\"summary_large_image\" \/>\n<meta name=\"twitter:label1\" content=\"Est. reading time\" \/>\n\t<meta name=\"twitter:data1\" content=\"2 minutes\" \/>\n<script type=\"application\/ld+json\" class=\"yoast-schema-graph\">{\"@context\":\"https:\\\/\\\/schema.org\",\"@graph\":[{\"@type\":\"WebPage\",\"@id\":\"https:\\\/\\\/eestimetsameister.ee\\\/en\\\/privaatsustingimused\\\/\",\"url\":\"https:\\\/\\\/eestimetsameister.ee\\\/en\\\/privaatsustingimused\\\/\",\"name\":\"Privaatsustingimused - Metsameister\",\"isPartOf\":{\"@id\":\"https:\\\/\\\/eestimetsameister.ee\\\/#website\"},\"datePublished\":\"2020-11-11T08:47:39+00:00\",\"description\":\"Eesti metsanduse uus p\u00f5lvkond! Kehtestame uusi j\u00e4tkusuutliku metsamajandamise standardeid, olles teadlikule maaomanikule parim partner Eesti metsas.\",\"breadcrumb\":{\"@id\":\"https:\\\/\\\/eestimetsameister.ee\\\/en\\\/privaatsustingimused\\\/#breadcrumb\"},\"inLanguage\":\"en-US\",\"potentialAction\":[{\"@type\":\"ReadAction\",\"target\":[\"https:\\\/\\\/eestimetsameister.ee\\\/en\\\/privaatsustingimused\\\/\"]}]},{\"@type\":\"BreadcrumbList\",\"@id\":\"https:\\\/\\\/eestimetsameister.ee\\\/en\\\/privaatsustingimused\\\/#breadcrumb\",\"itemListElement\":[{\"@type\":\"ListItem\",\"position\":1,\"name\":\"Home\",\"item\":\"https:\\\/\\\/eestimetsameister.ee\\\/?lang=en\"},{\"@type\":\"ListItem\",\"position\":2,\"name\":\"Privaatsustingimused\"}]},{\"@type\":\"WebSite\",\"@id\":\"https:\\\/\\\/eestimetsameister.ee\\\/#website\",\"url\":\"https:\\\/\\\/eestimetsameister.ee\\\/\",\"name\":\"Metsameister\",\"description\":\"Eesti metsanduse uus p\u00f5lvkond! Kehtestame uusi j\u00e4tkusuutliku metsamajandamise standardeid, olles teadlikule maaomanikule parim partner Eesti metsas.\",\"publisher\":{\"@id\":\"https:\\\/\\\/eestimetsameister.ee\\\/#organization\"},\"potentialAction\":[{\"@type\":\"SearchAction\",\"target\":{\"@type\":\"EntryPoint\",\"urlTemplate\":\"https:\\\/\\\/eestimetsameister.ee\\\/?s={search_term_string}\"},\"query-input\":{\"@type\":\"PropertyValueSpecification\",\"valueRequired\":true,\"valueName\":\"search_term_string\"}}],\"inLanguage\":\"en-US\"},{\"@type\":\"Organization\",\"@id\":\"https:\\\/\\\/eestimetsameister.ee\\\/#organization\",\"name\":\"Eesti Metsameister\",\"url\":\"https:\\\/\\\/eestimetsameister.ee\\\/\",\"logo\":{\"@type\":\"ImageObject\",\"inLanguage\":\"en-US\",\"@id\":\"https:\\\/\\\/eestimetsameister.ee\\\/#\\\/schema\\\/logo\\\/image\\\/\",\"url\":\"https:\\\/\\\/eestimetsameister.ee\\\/wp-content\\\/uploads\\\/2026\\\/01\\\/Eesti_Metsameister_logo_1800x430_RGB.png\",\"contentUrl\":\"https:\\\/\\\/eestimetsameister.ee\\\/wp-content\\\/uploads\\\/2026\\\/01\\\/Eesti_Metsameister_logo_1800x430_RGB.png\",\"width\":1800,\"height\":430,\"caption\":\"Eesti Metsameister\"},\"image\":{\"@id\":\"https:\\\/\\\/eestimetsameister.ee\\\/#\\\/schema\\\/logo\\\/image\\\/\"},\"sameAs\":[\"https:\\\/\\\/www.facebook.com\\\/Metsameister\"]}]}<\/script>\n<!-- \/ Yoast SEO plugin. -->","yoast_head_json":{"title":"Privaatsustingimused - Metsameister","description":"Eesti metsanduse uus p\u00f5lvkond! Kehtestame uusi j\u00e4tkusuutliku metsamajandamise standardeid, olles teadlikule maaomanikule parim partner Eesti metsas.","robots":{"index":"index","follow":"follow","max-snippet":"max-snippet:-1","max-image-preview":"max-image-preview:large","max-video-preview":"max-video-preview:-1"},"canonical":"https:\/\/eestimetsameister.ee\/en\/privaatsustingimused\/","og_locale":"en_US","og_type":"article","og_title":"Privaatsustingimused - Metsameister","og_description":"Eesti metsanduse uus p\u00f5lvkond! Kehtestame uusi j\u00e4tkusuutliku metsamajandamise standardeid, olles teadlikule maaomanikule parim partner Eesti metsas.","og_url":"https:\/\/eestimetsameister.ee\/en\/privaatsustingimused\/","og_site_name":"Metsameister","article_publisher":"https:\/\/www.facebook.com\/Metsameister","og_image":[{"width":1200,"height":630,"url":"https:\/\/eestimetsameister.ee\/wp-content\/uploads\/2021\/05\/fb_share_eesti_metsameister-1.jpg","type":"image\/jpeg"}],"twitter_card":"summary_large_image","twitter_misc":{"Est. reading time":"2 minutes"},"schema":{"@context":"https:\/\/schema.org","@graph":[{"@type":"WebPage","@id":"https:\/\/eestimetsameister.ee\/en\/privaatsustingimused\/","url":"https:\/\/eestimetsameister.ee\/en\/privaatsustingimused\/","name":"Privaatsustingimused - Metsameister","isPartOf":{"@id":"https:\/\/eestimetsameister.ee\/#website"},"datePublished":"2020-11-11T08:47:39+00:00","description":"Eesti metsanduse uus p\u00f5lvkond! Kehtestame uusi j\u00e4tkusuutliku metsamajandamise standardeid, olles teadlikule maaomanikule parim partner Eesti metsas.","breadcrumb":{"@id":"https:\/\/eestimetsameister.ee\/en\/privaatsustingimused\/#breadcrumb"},"inLanguage":"en-US","potentialAction":[{"@type":"ReadAction","target":["https:\/\/eestimetsameister.ee\/en\/privaatsustingimused\/"]}]},{"@type":"BreadcrumbList","@id":"https:\/\/eestimetsameister.ee\/en\/privaatsustingimused\/#breadcrumb","itemListElement":[{"@type":"ListItem","position":1,"name":"Home","item":"https:\/\/eestimetsameister.ee\/?lang=en"},{"@type":"ListItem","position":2,"name":"Privaatsustingimused"}]},{"@type":"WebSite","@id":"https:\/\/eestimetsameister.ee\/#website","url":"https:\/\/eestimetsameister.ee\/","name":"Metsameister","description":"Eesti metsanduse uus p\u00f5lvkond! Kehtestame uusi j\u00e4tkusuutliku metsamajandamise standardeid, olles teadlikule maaomanikule parim partner Eesti metsas.","publisher":{"@id":"https:\/\/eestimetsameister.ee\/#organization"},"potentialAction":[{"@type":"SearchAction","target":{"@type":"EntryPoint","urlTemplate":"https:\/\/eestimetsameister.ee\/?s={search_term_string}"},"query-input":{"@type":"PropertyValueSpecification","valueRequired":true,"valueName":"search_term_string"}}],"inLanguage":"en-US"},{"@type":"Organization","@id":"https:\/\/eestimetsameister.ee\/#organization","name":"Eesti Metsameister","url":"https:\/\/eestimetsameister.ee\/","logo":{"@type":"ImageObject","inLanguage":"en-US","@id":"https:\/\/eestimetsameister.ee\/#\/schema\/logo\/image\/","url":"https:\/\/eestimetsameister.ee\/wp-content\/uploads\/2026\/01\/Eesti_Metsameister_logo_1800x430_RGB.png","contentUrl":"https:\/\/eestimetsameister.ee\/wp-content\/uploads\/2026\/01\/Eesti_Metsameister_logo_1800x430_RGB.png","width":1800,"height":430,"caption":"Eesti Metsameister"},"image":{"@id":"https:\/\/eestimetsameister.ee\/#\/schema\/logo\/image\/"},"sameAs":["https:\/\/www.facebook.com\/Metsameister"]}]}},"_links":{"self":[{"href":"https:\/\/eestimetsameister.ee\/en\/wp-json\/wp\/v2\/pages\/3167","targetHints":{"allow":["GET"]}}],"collection":[{"href":"https:\/\/eestimetsameister.ee\/en\/wp-json\/wp\/v2\/pages"}],"about":[{"href":"https:\/\/eestimetsameister.ee\/en\/wp-json\/wp\/v2\/types\/page"}],"author":[{"embeddable":true,"href":"https:\/\/eestimetsameister.ee\/en\/wp-json\/wp\/v2\/users\/4"}],"replies":[{"embeddable":true,"href":"https:\/\/eestimetsameister.ee\/en\/wp-json\/wp\/v2\/comments?post=3167"}],"version-history":[{"count":0,"href":"https:\/\/eestimetsameister.ee\/en\/wp-json\/wp\/v2\/pages\/3167\/revisions"}],"wp:attachment":[{"href":"https:\/\/eestimetsameister.ee\/en\/wp-json\/wp\/v2\/media?parent=3167"}],"curies":[{"name":"wp","href":"https:\/\/api.w.org\/{rel}","templated":true}]}}